{"id":3,"date":"2019-09-30T17:17:53","date_gmt":"2019-09-30T17:17:53","guid":{"rendered":"http:\/\/torrelogaro.mx\/?page_id=3"},"modified":"2023-03-15T18:54:03","modified_gmt":"2023-03-15T18:54:03","slug":"privacy-policy","status":"publish","type":"page","link":"https:\/\/torrelogaro.mx\/index.php\/privacy-policy\/","title":{"rendered":"Aviso de Privacidad"},"content":{"rendered":"<div class=\"wpb-content-wrapper\"><p>[vc_row bg_type=&#8221;bg_color&#8221; bg_override=&#8221;full&#8221; bg_color_value=&#8221;#002a4c&#8221; css=&#8221;.vc_custom_1570484696521{margin-top: 0px !important;}&#8221;][vc_column][vc_row_inner][vc_column_inner]<div id=\"ultimate-heading-424869e31965d19d1\" class=\"uvc-heading ult-adjust-bottom-margin ultimate-heading-424869e31965d19d1 uvc-253  uvc-heading-default-font-sizes\" data-hspacer=\"no_spacer\"  data-halign=\"center\" style=\"text-align:center\"><div class=\"uvc-heading-spacer no_spacer\" style=\"top\"><\/div><div class=\"uvc-main-heading ult-responsive\"  data-ultimate-target='.uvc-heading.ultimate-heading-424869e31965d19d1 h2'  data-responsive-json-new='{\"font-size\":\"\",\"line-height\":\"\"}' ><h2 style=\"--font-weight:theme;color:#ffffff;\">Aviso de Privacidad<\/h2><\/div><\/div>[\/vc_column_inner][\/vc_row_inner][\/vc_column][\/vc_row][vc_row][vc_column]<div id=\"ultimate-heading-413069e31965d1ade\" class=\"uvc-heading ult-adjust-bottom-margin ultimate-heading-413069e31965d1ade uvc-9698  uvc-heading-default-font-sizes\" data-hspacer=\"no_spacer\"  data-halign=\"left\" style=\"text-align:left\"><div class=\"uvc-heading-spacer no_spacer\" style=\"top\"><\/div><div class=\"uvc-sub-heading ult-responsive\"  data-ultimate-target='.uvc-heading.ultimate-heading-413069e31965d1ade .uvc-sub-heading '  data-responsive-json-new='{\"font-size\":\"\",\"line-height\":\"\"}'  style=\"font-weight:normal;color:#474747;\"><\/p>\n<h2>Qui\u00e9nes somos<\/h2>\n<!-- \/wp:heading -->\n<p><!-- wp:paragraph -->Nuestro direcci\u00f3n web es: http:\/\/torrelogaro.mx.<\/p>\n<p><!-- \/wp:paragraph -->\u00a0<\/p>\n<!-- wp:heading {\"level\":3} -->\n<h2>Comentarios<\/h2>\n<!-- \/wp:heading -->\n<p><!-- wp:paragraph --><strong>BIENES INMUEBLES LOGARO, SA. DE CV<\/strong>., con domicilio en <em>Av.\u00a0 Guanajuato 1208 C.P: 37160<\/em>, <em>Le\u00f3n, Gto<\/em>, hace de su conocimiento y le informa que la totalidad de los datos personales que ha proporcionado, a\u00fan aquellos que sean considerados como sensibles referidos en los documentos requisitados por usted con motivo de la relaci\u00f3n jur\u00eddica, comercial contable o de informaci\u00f3n que se tiene celebrada, se tratar\u00e1n para identificaci\u00f3n, operaci\u00f3n, administraci\u00f3n, comercializaci\u00f3n y otros fines an\u00e1logos, la empresa es responsable de la protecci\u00f3n y uso de los mismos, pudiendo transferirse en entidades <strong>BIENES INMUEBLES LOGARO, SA. DE CV<\/strong>., integrantes de la Corporaci\u00f3n, Subsidiarias, Afiliadas o en su caso terceros nacionales o extranjeros por lo que si no manifiesta su oposici\u00f3n, se entender\u00e1 que ha otorgado su consentimiento.<\/p>\n<p>&nbsp;<\/p>\n<p>La informaci\u00f3n personal ser\u00e1 resguardada por el Departamento de Datos Personales de <strong>BIENES INMUEBLES LOGARO, SA. DE CV.<\/strong>, ante quien puede ejercer sus derechos de acceso, rectificaci\u00f3n, cancelaci\u00f3n y oposici\u00f3n, mediante solicitud por escrito que presente en el domicilio antes indicado.<\/p>\n<p><!-- \/wp:paragraph -->\u00a0<\/p>\n<!-- wp:paragraph -->\n<p style=\"text-align: left;\">El presente Aviso de Privacidad, as\u00ed como tus modificaciones, estar\u00e1n a su disposici\u00f3n en nuestro domicilio.<\/p>\n<p>&nbsp;<\/p>\n<p>&nbsp;<\/p>\n<p>&nbsp;<\/p>\n<p>&nbsp;<\/p>\n<p>&nbsp;<\/p>\n<p><\/div><\/div>[\/vc_column][\/vc_row]<\/p>\n<\/div>","protected":false},"excerpt":{"rendered":"<p>[vc_row bg_type=&#8221;bg_color&#8221; bg_override=&#8221;full&#8221; bg_color_value=&#8221;#002a4c&#8221; css=&#8221;.vc_custom_1570484696521{margin-top: 0px !important;}&#8221;][vc_column][vc_row_inner][vc_column_inner][\/vc_column_inner][\/vc_row_inner][\/vc_column][\/vc_row][vc_row][vc_column][\/vc_column][\/vc_row]<\/p>\n","protected":false},"author":1,"featured_media":0,"parent":0,"menu_order":0,"comment_status":"closed","ping_status":"closed","template":"","meta":{"footnotes":""},"yoast_head":"<!-- This site is optimized with the Yoast SEO plugin v23.4 - https:\/\/yoast.com\/wordpress\/plugins\/seo\/ -->\n<title>Aviso de Privacidad - Torre Logaro<\/title>\n<meta name=\"robots\" content=\"index, follow, max-snippet:-1, max-image-preview:large, max-video-preview:-1\" \/>\n<link rel=\"canonical\" href=\"https:\/\/torrelogaro.mx\/index.php\/privacy-policy\/\" \/>\n<meta property=\"og:locale\" content=\"en_US\" \/>\n<meta property=\"og:type\" content=\"article\" \/>\n<meta property=\"og:title\" content=\"Aviso de Privacidad - Torre Logaro\" \/>\n<meta property=\"og:description\" content=\"[vc_row bg_type=&#8221;bg_color&#8221; bg_override=&#8221;full&#8221; bg_color_value=&#8221;#002a4c&#8221; css=&#8221;.vc_custom_1570484696521{margin-top: 0px !important;}&#8221;][vc_column][vc_row_inner][vc_column_inner][\/vc_column_inner][\/vc_row_inner][\/vc_column][\/vc_row][vc_row][vc_column][\/vc_column][\/vc_row]\" \/>\n<meta property=\"og:url\" content=\"https:\/\/torrelogaro.mx\/index.php\/privacy-policy\/\" \/>\n<meta property=\"og:site_name\" content=\"Torre Logaro\" \/>\n<meta property=\"article:modified_time\" content=\"2023-03-15T18:54:03+00:00\" \/>\n<meta name=\"twitter:card\" content=\"summary_large_image\" \/>\n<meta name=\"twitter:label1\" content=\"Est. reading time\" \/>\n\t<meta name=\"twitter:data1\" content=\"1 minute\" \/>\n<script type=\"application\/ld+json\" class=\"yoast-schema-graph\">{\"@context\":\"https:\/\/schema.org\",\"@graph\":[{\"@type\":\"WebPage\",\"@id\":\"https:\/\/torrelogaro.mx\/index.php\/privacy-policy\/\",\"url\":\"https:\/\/torrelogaro.mx\/index.php\/privacy-policy\/\",\"name\":\"Aviso de Privacidad - Torre Logaro\",\"isPartOf\":{\"@id\":\"https:\/\/torrelogaro.mx\/#website\"},\"datePublished\":\"2019-09-30T17:17:53+00:00\",\"dateModified\":\"2023-03-15T18:54:03+00:00\",\"breadcrumb\":{\"@id\":\"https:\/\/torrelogaro.mx\/index.php\/privacy-policy\/#breadcrumb\"},\"inLanguage\":\"en-US\",\"potentialAction\":[{\"@type\":\"ReadAction\",\"target\":[\"https:\/\/torrelogaro.mx\/index.php\/privacy-policy\/\"]}]},{\"@type\":\"BreadcrumbList\",\"@id\":\"https:\/\/torrelogaro.mx\/index.php\/privacy-policy\/#breadcrumb\",\"itemListElement\":[{\"@type\":\"ListItem\",\"position\":1,\"name\":\"Home\",\"item\":\"https:\/\/torrelogaro.mx\/\"},{\"@type\":\"ListItem\",\"position\":2,\"name\":\"Aviso de Privacidad\"}]},{\"@type\":\"WebSite\",\"@id\":\"https:\/\/torrelogaro.mx\/#website\",\"url\":\"https:\/\/torrelogaro.mx\/\",\"name\":\"Torre Logaro\",\"description\":\"Vive a lo grande\",\"potentialAction\":[{\"@type\":\"SearchAction\",\"target\":{\"@type\":\"EntryPoint\",\"urlTemplate\":\"https:\/\/torrelogaro.mx\/?s={search_term_string}\"},\"query-input\":{\"@type\":\"PropertyValueSpecification\",\"valueRequired\":true,\"valueName\":\"search_term_string\"}}],\"inLanguage\":\"en-US\"}]}<\/script>\n<!-- \/ Yoast SEO plugin. -->","yoast_head_json":{"title":"Aviso de Privacidad - Torre Logaro","robots":{"index":"index","follow":"follow","max-snippet":"max-snippet:-1","max-image-preview":"max-image-preview:large","max-video-preview":"max-video-preview:-1"},"canonical":"https:\/\/torrelogaro.mx\/index.php\/privacy-policy\/","og_locale":"en_US","og_type":"article","og_title":"Aviso de Privacidad - Torre Logaro","og_description":"[vc_row bg_type=&#8221;bg_color&#8221; bg_override=&#8221;full&#8221; bg_color_value=&#8221;#002a4c&#8221; css=&#8221;.vc_custom_1570484696521{margin-top: 0px !important;}&#8221;][vc_column][vc_row_inner][vc_column_inner][\/vc_column_inner][\/vc_row_inner][\/vc_column][\/vc_row][vc_row][vc_column][\/vc_column][\/vc_row]","og_url":"https:\/\/torrelogaro.mx\/index.php\/privacy-policy\/","og_site_name":"Torre Logaro","article_modified_time":"2023-03-15T18:54:03+00:00","twitter_card":"summary_large_image","twitter_misc":{"Est. reading time":"1 minute"},"schema":{"@context":"https:\/\/schema.org","@graph":[{"@type":"WebPage","@id":"https:\/\/torrelogaro.mx\/index.php\/privacy-policy\/","url":"https:\/\/torrelogaro.mx\/index.php\/privacy-policy\/","name":"Aviso de Privacidad - Torre Logaro","isPartOf":{"@id":"https:\/\/torrelogaro.mx\/#website"},"datePublished":"2019-09-30T17:17:53+00:00","dateModified":"2023-03-15T18:54:03+00:00","breadcrumb":{"@id":"https:\/\/torrelogaro.mx\/index.php\/privacy-policy\/#breadcrumb"},"inLanguage":"en-US","potentialAction":[{"@type":"ReadAction","target":["https:\/\/torrelogaro.mx\/index.php\/privacy-policy\/"]}]},{"@type":"BreadcrumbList","@id":"https:\/\/torrelogaro.mx\/index.php\/privacy-policy\/#breadcrumb","itemListElement":[{"@type":"ListItem","position":1,"name":"Home","item":"https:\/\/torrelogaro.mx\/"},{"@type":"ListItem","position":2,"name":"Aviso de Privacidad"}]},{"@type":"WebSite","@id":"https:\/\/torrelogaro.mx\/#website","url":"https:\/\/torrelogaro.mx\/","name":"Torre Logaro","description":"Vive a lo grande","potentialAction":[{"@type":"SearchAction","target":{"@type":"EntryPoint","urlTemplate":"https:\/\/torrelogaro.mx\/?s={search_term_string}"},"query-input":{"@type":"PropertyValueSpecification","valueRequired":true,"valueName":"search_term_string"}}],"inLanguage":"en-US"}]}},"_links":{"self":[{"href":"https:\/\/torrelogaro.mx\/index.php\/wp-json\/wp\/v2\/pages\/3"}],"collection":[{"href":"https:\/\/torrelogaro.mx\/index.php\/wp-json\/wp\/v2\/pages"}],"about":[{"href":"https:\/\/torrelogaro.mx\/index.php\/wp-json\/wp\/v2\/types\/page"}],"author":[{"embeddable":true,"href":"https:\/\/torrelogaro.mx\/index.php\/wp-json\/wp\/v2\/users\/1"}],"replies":[{"embeddable":true,"href":"https:\/\/torrelogaro.mx\/index.php\/wp-json\/wp\/v2\/comments?post=3"}],"version-history":[{"count":6,"href":"https:\/\/torrelogaro.mx\/index.php\/wp-json\/wp\/v2\/pages\/3\/revisions"}],"predecessor-version":[{"id":1815,"href":"https:\/\/torrelogaro.mx\/index.php\/wp-json\/wp\/v2\/pages\/3\/revisions\/1815"}],"wp:attachment":[{"href":"https:\/\/torrelogaro.mx\/index.php\/wp-json\/wp\/v2\/media?parent=3"}],"curies":[{"name":"wp","href":"https:\/\/api.w.org\/{rel}","templated":true}]}}