{"id":857,"date":"2016-07-21T15:27:03","date_gmt":"2016-07-21T14:27:03","guid":{"rendered":"https:\/\/the7.io\/digital-artist\/?page_id=2"},"modified":"2024-10-03T18:07:18","modified_gmt":"2024-10-03T18:07:18","slug":"inicio","status":"publish","type":"page","link":"https:\/\/torrelogaro.mx\/","title":{"rendered":"Inicio"},"content":{"rendered":"<div class=\"wpb-content-wrapper\"><p>[vc_row][vc_column]\n\t\t\t<!-- START HOME 2022 REVOLUTION SLIDER 6.7.18 --><p class=\"rs-p-wp-fix\"><\/p>\n\t\t\t<rs-module-wrap id=\"rev_slider_13_1_wrapper\" data-source=\"gallery\" style=\"visibility:hidden;background:transparent;padding:0;margin:0px auto;margin-top:0;margin-bottom:0;\">\n\t\t\t\t<rs-module id=\"rev_slider_13_1\" style=\"\" data-version=\"6.7.18\">\n\t\t\t\t\t<rs-slides style=\"overflow: hidden; position: absolute;\">\n\t\t\t\t\t\t<rs-slide style=\"position: absolute;\" data-key=\"rs-21\" data-title=\"Slide\" data-duration=\"4500\" data-anim=\"ms:300;r:0;\" data-in=\"o:0;\" data-out=\"a:false;\">\n\t\t\t\t\t\t\t<img decoding=\"async\" src=\"\/\/torrelogaro.mx\/wp-content\/plugins\/revslider\/sr6\/assets\/assets\/dummy.png\" alt=\"Slide\" title=\"Inicio\" class=\"rev-slidebg tp-rs-img rs-lazyload\" data-lazyload=\"\/\/torrelogaro.mx\/wp-content\/plugins\/revslider\/sr6\/assets\/assets\/transparent.png\" data-no-retina>\n<!--\n\t\t\t\t\t\t\t--><rs-layer\n\t\t\t\t\t\t\t\tid=\"slider-13-slide-21-layer-8\" \n\t\t\t\t\t\t\t\tdata-type=\"image\"\n\t\t\t\t\t\t\t\tdata-rsp_ch=\"on\"\n\t\t\t\t\t\t\t\tdata-xy=\"xo:811px,669px,508px,254px;yo:65px,53px,40px,15px;\"\n\t\t\t\t\t\t\t\tdata-text=\"w:normal;\"\n\t\t\t\t\t\t\t\tdata-dim=\"w:329px,271px,205px,215px;h:112px,92px,69px,73px;\"\n\t\t\t\t\t\t\t\tdata-frame_1=\"st:330;sR:330;\"\n\t\t\t\t\t\t\t\tdata-frame_999=\"o:0;st:w;sR:3870;\"\n\t\t\t\t\t\t\t\tstyle=\"z-index:11;\"\n\t\t\t\t\t\t\t><img decoding=\"async\" src=\"\/\/torrelogaro.mx\/wp-content\/plugins\/revslider\/sr6\/assets\/assets\/dummy.png\" alt=\"\" class=\"tp-rs-img rs-lazyload\" width=\"495\" height=\"169\" data-lazyload=\"\/\/torrelogaro.mx\/wp-content\/uploads\/2022\/09\/vive-a-lo-Grande.png\" data-no-retina> \n\t\t\t\t\t\t\t<\/rs-layer><!--\n\n\t\t\t\t\t\t\t--><rs-layer\n\t\t\t\t\t\t\t\tid=\"slider-13-slide-21-layer-9\" \n\t\t\t\t\t\t\t\tdata-type=\"image\"\n\t\t\t\t\t\t\t\tdata-xy=\"x:c;xo:0,0,0,29px;\"\n\t\t\t\t\t\t\t\tdata-text=\"w:normal;\"\n\t\t\t\t\t\t\t\tdata-dim=\"w:100%,100%,100%,500px;h:100%,100%,100%,250px;\"\n\t\t\t\t\t\t\t\tdata-basealign=\"slide\"\n\t\t\t\t\t\t\t\tdata-rsp_o=\"off\"\n\t\t\t\t\t\t\t\tdata-rsp_bd=\"off\"\n\t\t\t\t\t\t\t\tdata-frame_999=\"o:0;st:w;\"\n\t\t\t\t\t\t\t\tstyle=\"z-index:8;\"\n\t\t\t\t\t\t\t><img decoding=\"async\" src=\"\/\/torrelogaro.mx\/wp-content\/plugins\/revslider\/sr6\/assets\/assets\/dummy.png\" alt=\"\" class=\"tp-rs-img rs-lazyload\" width=\"2048\" height=\"1024\" data-lazyload=\"\/\/torrelogaro.mx\/wp-content\/uploads\/2022\/09\/edicion-TORRE-LOGARO-PANORA\u0301MICA-scaled.jpg\" data-no-retina> \n\t\t\t\t\t\t\t<\/rs-layer><!--\n-->\t\t\t\t\t<\/rs-slide>\n\t\t\t\t\t<\/rs-slides>\n\t\t\t\t<\/rs-module>\n\t\t\t\t<script>\n\t\t\t\t\tsetREVStartSize({c: 'rev_slider_13_1',rl:[1240,1024,778,480],el:[600,600,960,600],gw:[1240,1024,778,480],gh:[600,600,960,600],type:'hero',justify:'',layout:'fullwidth',mh:\"0\"});if (window.RS_MODULES!==undefined && window.RS_MODULES.modules!==undefined && window.RS_MODULES.modules[\"revslider131\"]!==undefined) {window.RS_MODULES.modules[\"revslider131\"].once = false;window.revapi13 = undefined;if (window.RS_MODULES.checkMinimal!==undefined) window.RS_MODULES.checkMinimal()}\n\t\t\t\t<\/script>\n\t\t\t<\/rs-module-wrap>\n\t\t\t<!-- END REVOLUTION SLIDER -->\n[\/vc_column][\/vc_row][vc_row bg_type=&#8221;image&#8221; parallax_style=&#8221;vcpb-default&#8221; bg_image_new=&#8221;id^1106|url^https:\/\/torrelogaro.mx\/wp-content\/uploads\/2019\/10\/departamentos-en-venta-leon-gto-16.jpg|caption^null|alt^null|title^departamentos-en-venta-leon-gto-16|description^null&#8221; bg_override=&#8221;browser_size&#8221; css=&#8221;.vc_custom_1572911314490{background-position: 0 0 !important;background-repeat: repeat !important;}&#8221;][vc_column][vc_row_inner][vc_column_inner width=&#8221;2\/3&#8243; css=&#8221;.vc_custom_1570210590907{padding-right: 50px !important;border-radius: 2px !important;}&#8221;]<div id=\"ultimate-video-195269e307484f244\" class=\"ult-video  ult-adjust-bottom-margin ultimate-video-195269e307484f244 ultv-9093 \"><div class=\"ultv-video ultv-aspect-ratio-16_9 ultv-subscribe-responsive-none\" data-videotype=\"uv_iframe\">\n\t\t\t\t\t\t<div class=\"ultv-video__outer-wrap\" data-autoplay=\"1\" data-device=\"false\"  data-iconbg=\"#3A3A3A\" data-overcolor=\"\" data-defaultbg=\"\" data-defaultplay=\"defaulticon\"><div class=\"ultv-video__play\" data-src=\"https:\/\/www.youtube.com\/embed\/oeVhtmA9C6s?autoplay=1&#038;rel=0&#038;start=0&#038;end&#038;controls=1&#038;mute=0&#038;modestbranding=1&#038;autoplay=1\">\n\t\t\t\t\t\t\t\t<img decoding=\"async\" class=\"ultv-video__thumb\" src=\"https:\/\/i.ytimg.com\/vi\/oeVhtmA9C6s\/maxresdefault.jpg\"\/>\n\t\t\t\t\t\t\t\t<div class=\"ultv-video__play-icon  ultv-animation-none\" style=\"width:75px\"><svg height=\"100%\" version=\"1.1\" viewBox=\"0 0 68 48\" width=\"100%\"><path class=\"ultv-youtube-icon-bg\" d=\"m .66,37.62 c 0,0 .66,4.70 2.70,6.77 2.58,2.71 5.98,2.63 7.49,2.91 5.43,.52 23.10,.68 23.12,.68 .00,-1.3e-5 14.29,-0.02 23.81,-0.71 1.32,-0.15 4.22,-0.17 6.81,-2.89 2.03,-2.07 2.70,-6.77 2.70,-6.77 0,0 .67,-5.52 .67,-11.04 l 0,-5.17 c 0,-5.52 -0.67,-11.04 -0.67,-11.04 0,0 -0.66,-4.70 -2.70,-6.77 C 62.03,.86 59.13,.84 57.80,.69 48.28,0 34.00,0 34.00,0 33.97,0 19.69,0 10.18,.69 8.85,.84 5.95,.86 3.36,3.58 1.32,5.65 .66,10.35 .66,10.35 c 0,0 -0.55,4.50 -0.66,9.45 l 0,8.36 c .10,4.94 .66,9.45 .66,9.45 z\" fill=\"#1f1f1e\" ><\/path><path d=\"m 26.96,13.67 18.37,9.62 -18.37,9.55 -0.00,-19.17 z\" fill=\"#fff\"><\/path><path d=\"M 45.02,23.46 45.32,23.28 26.96,13.67 43.32,22.34 45.02,23.46 z\" fill=\"#ccc\"><\/path><\/svg><\/div> <\/div> <\/div><\/div><\/div>[\/vc_column_inner][vc_column_inner width=&#8221;1\/3&#8243;]<div id=\"ultimate-heading-762569e307484f3ca\" class=\"uvc-heading ult-adjust-bottom-margin ultimate-heading-762569e307484f3ca uvc-647 \" data-hspacer=\"no_spacer\"  data-halign=\"center\" style=\"text-align:center\"><div class=\"uvc-heading-spacer no_spacer\" style=\"top\"><\/div><div class=\"uvc-main-heading ult-responsive\"  data-ultimate-target='.uvc-heading.ultimate-heading-762569e307484f3ca h2'  data-responsive-json-new='{\"font-size\":\"desktop:50px;mobile:30px;\",\"line-height\":\"\"}' ><h2 style=\"--font-weight:theme;color:#092940;\">Tan \u00fanico e irrepetible como t\u00fa..<\/h2><\/div><\/div><div class=\"ult-spacer spacer-69e307484f41d\" data-id=\"69e307484f41d\" data-height=\"50\" data-height-mobile=\"60\" data-height-tab=\"60\" data-height-tab-portrait=\"60\" data-height-mobile-landscape=\"60\" style=\"clear:both;display:block;\"><\/div><div id=\"ultimate-heading-739469e307484f44e\" class=\"uvc-heading ult-adjust-bottom-margin ultimate-heading-739469e307484f44e uvc-7725  uvc-heading-default-font-sizes\" data-hspacer=\"no_spacer\"  data-halign=\"center\" style=\"text-align:center\"><div class=\"uvc-heading-spacer no_spacer\" style=\"top\"><\/div><div class=\"uvc-sub-heading ult-responsive\"  data-ultimate-target='.uvc-heading.ultimate-heading-739469e307484f44e .uvc-sub-heading '  data-responsive-json-new='{\"font-size\":\"\",\"line-height\":\"\"}'  style=\"font-weight:normal;color:#092940;\">Un lugar en donde cabe todo,<strong> lujo, dise\u00f1o, espacios, ambientes, vanguardia<\/strong> en perfecta combinaci\u00f3n para ofrecer un <strong>concepto arquitect\u00f3nico<\/strong>\u00a0distinto en Le\u00f3n. Con las mejores amenidades para el disfrute de las personas con el gusto por lo est\u00e9tico y lo funcional.<\/p>\n<p style=\"text-align: center;\"><strong><a href=\"https:\/\/torrelogaro.mx\/index.php\/departamentos-zona-norte-leon-gto\/\">CONOCE M\u00c1S\u00a0<\/a>\u00a0 \u00a0 \u00a0 \u00a0 \u00a0<a href=\"https:\/\/torrelogaro.mx\/index.php\/ubicacion\/\">AGENDA UNA CITA<\/a><\/strong><\/p>\n<p><\/div><\/div>[\/vc_column_inner][\/vc_row_inner][\/vc_column][\/vc_row][vc_row bg_type=&#8221;bg_color&#8221; bg_override=&#8221;full&#8221; bg_color_value=&#8221;#ededed&#8221;][vc_column][vc_row_inner][vc_column_inner width=&#8221;1\/2&#8243;][vc_single_image image=&#8221;1044&#8243; img_size=&#8221;600&#215;600&#8243; alignment=&#8221;center&#8221; style=&#8221;vc_box_shadow_border&#8221; css_animation=&#8221;bounceInDown&#8221;][\/vc_column_inner][vc_column_inner width=&#8221;1\/2&#8243;][vc_gutenberg css_animation=&#8221;fadeInDown&#8221; css=&#8221;.vc_custom_1572910965861{margin-top: 30px !important;}&#8221;]<\/p>\n<h2 class=\"wp-block-heading\">Las \u00e1reas est\u00e1n dise\u00f1adas para llevar tu experiencia muy alto.<\/h2>\n<p>[\/vc_gutenberg][vc_separator color=&#8221;custom&#8221; accent_color=&#8221;#092940&#8243;]<div id=\"ultimate-heading-945569e307484f479\" class=\"uvc-heading ult-adjust-bottom-margin ultimate-heading-945569e307484f479 uvc-2487  uvc-heading-default-font-sizes\" data-hspacer=\"no_spacer\"  data-halign=\"center\" style=\"text-align:center\"><div class=\"uvc-heading-spacer no_spacer\" style=\"top\"><\/div><div class=\"uvc-sub-heading ult-responsive\"  data-ultimate-target='.uvc-heading.ultimate-heading-945569e307484f479 .uvc-sub-heading '  data-responsive-json-new='{\"font-size\":\"desktop:16px;\",\"line-height\":\"\"}'  style=\"font-weight:normal;color:#092940;\"><\/p>\n<p style=\"text-align: center;\">Torre Logaro es un proyecto arquitect\u00f3nico <strong>inteligente<\/strong> que conjuga las m\u00e1s vanguardistas tendencias en <strong>interiorismo<\/strong> y <strong>\u00e1reas funcionales<\/strong> para vivir a\u00a0<strong>todo lujo<\/strong> en tu nuevo hogar.<\/p>\n<p style=\"text-align: center;\">As\u00ed es como se unifican criterios de construcci\u00f3n que ofrezcan a sus habitantes una <strong>experiencia<\/strong> visual <strong>arm\u00f3nica<\/strong> con su entorno.<\/p>\n<p style=\"text-align: center;\">Torre Logaro a trav\u00e9s de su concepto de\u2028 <strong>dise\u00f1o arquitect\u00f3nico<\/strong> satisface necesidades habitables tanto en lo <strong>est\u00e9tico<\/strong> como en lo <strong>tecnol\u00f3gico<\/strong>.<\/div><\/div>[\/vc_column_inner][\/vc_row_inner][\/vc_column][\/vc_row][vc_row bg_type=&#8221;video&#8221; video_url=&#8221;https:\/\/torrelogaro.mx\/wp-content\/uploads\/2019\/10\/departamentos-en-venta-leon-gto-video-3.mp4&#8243; video_opts=&#8221;loop&#8221; video_poster=&#8221;id^1377|url^https:\/\/torrelogaro.mx\/wp-content\/uploads\/2019\/10\/departamentos-en-venta-leon-gto-video-8.jpg|caption^null|alt^null|title^departamentos-en-venta-leon-gto-video-8|description^null&#8221; viewport_vdo=&#8221;viewport_play&#8221; bg_override=&#8221;browser_size&#8221;][vc_column][vc_row_inner][vc_column_inner]<div id=\"ultimate-heading-355069e307484f4a0\" class=\"uvc-heading ult-adjust-bottom-margin ultimate-heading-355069e307484f4a0 uvc-4024 \" data-hspacer=\"no_spacer\"  data-halign=\"center\" style=\"text-align:center\"><div class=\"uvc-heading-spacer no_spacer\" style=\"top\"><\/div><div class=\"uvc-main-heading ult-responsive\"  data-ultimate-target='.uvc-heading.ultimate-heading-355069e307484f4a0 h2'  data-responsive-json-new='{\"font-size\":\"desktop:60px;mobile_landscape:0px;mobile:0px;\",\"line-height\":\"\"}' ><h2 style=\"--font-weight:theme;color:#ffffff;\">Estilo de vida:<\/h2><\/div><div class=\"uvc-sub-heading ult-responsive\"  data-ultimate-target='.uvc-heading.ultimate-heading-355069e307484f4a0 .uvc-sub-heading '  data-responsive-json-new='{\"font-size\":\"desktop:50px;mobile_landscape:0px;mobile:0px;\",\"line-height\":\"\"}'  style=\"font-weight:normal;color:#ffffff;\"><\/p>\n<p style=\"text-align: center;\">Lujo y Dise\u00f1o Interior<\/p>\n<p style=\"text-align: center;\"><\/div><\/div>[\/vc_column_inner][\/vc_row_inner][\/vc_column][\/vc_row][vc_row content_placement=&#8221;middle&#8221; css=&#8221;.vc_custom_1727978777691{margin-top: 0px !important;margin-bottom: 0px !important;background-position: center !important;background-repeat: no-repeat !important;background-size: cover !important;}&#8221;][vc_column][vc_row_inner][vc_column_inner]<div id=\"ultimate-heading-84569e307484f4c8\" class=\"uvc-heading ult-adjust-bottom-margin ultimate-heading-84569e307484f4c8 uvc-6219  uvc-heading-default-font-sizes\" data-hspacer=\"no_spacer\"  data-halign=\"center\" style=\"text-align:center\"><div class=\"uvc-heading-spacer no_spacer\" style=\"top\"><\/div><div class=\"uvc-main-heading ult-responsive\"  data-ultimate-target='.uvc-heading.ultimate-heading-84569e307484f4c8 h2'  data-responsive-json-new='{\"font-size\":\"\",\"line-height\":\"\"}' ><h2 style=\"font-weight:bold;color:#092940;\">TORRE LOGARO<\/h2><\/div><div class=\"uvc-sub-heading ult-responsive\"  data-ultimate-target='.uvc-heading.ultimate-heading-84569e307484f4c8 .uvc-sub-heading '  data-responsive-json-new='{\"font-size\":\"\",\"line-height\":\"\"}'  style=\"font-weight:normal;color:#a0a0a0;\"><\/p>\n<p id=\"u1661-2\" style=\"text-align: center;\">Av. Guanajuato #1601 y #1603<\/p>\n<p id=\"u1661-4\" style=\"text-align: center;\">Jardines del Moral CP. 37160<\/p>\n<p id=\"u1661-6\" style=\"text-align: center;\">477-690 15 25<\/p>\n<p><\/div><\/div>[\/vc_column_inner][\/vc_row_inner][vc_row_inner][vc_column_inner][vc_separator color=&#8221;custom&#8221; accent_color=&#8221;#092940&#8243;]<div id=\"ultimate-heading-610269e307484f4ed\" class=\"uvc-heading ult-adjust-bottom-margin ultimate-heading-610269e307484f4ed uvc-800  uvc-heading-default-font-sizes\" data-hspacer=\"no_spacer\"  data-halign=\"center\" style=\"text-align:center\"><div class=\"uvc-heading-spacer no_spacer\" style=\"top\"><\/div><div class=\"uvc-sub-heading ult-responsive\"  data-ultimate-target='.uvc-heading.ultimate-heading-610269e307484f4ed .uvc-sub-heading '  data-responsive-json-new='{\"font-size\":\"\",\"line-height\":\"\"}'  style=\"font-weight:normal;color:#092940;\"><\/p>\n<p style=\"text-align: center;\">\n<p style=\"text-align: center;\"><a href=\"https:\/\/torrelogaro.mx\/index.php\/privacy-policy\">Aviso de Privacidad<\/a><\/p>\n<p><\/div><\/div>[\/vc_column_inner][\/vc_row_inner][\/vc_column][\/vc_row][vc_row][vc_column][vc_column_text][\/vc_column_text][\/vc_column][\/vc_row]<\/p>\n<\/div>","protected":false},"excerpt":{"rendered":"<p>[vc_row][vc_column][\/vc_column][\/vc_row][vc_row bg_type=&#8221;image&#8221; parallax_style=&#8221;vcpb-default&#8221; bg_image_new=&#8221;id^1106|url^https:\/\/torrelogaro.mx\/wp-content\/uploads\/2019\/10\/departamentos-en-venta-leon-gto-16.jpg|caption^null|alt^null|title^departamentos-en-venta-leon-gto-16|description^null&#8221; bg_override=&#8221;browser_size&#8221; css=&#8221;.vc_custom_1572911314490{background-position: 0 0 !important;background-repeat: repeat !important;}&#8221;][vc_column][vc_row_inner][vc_column_inner width=&#8221;2\/3&#8243; css=&#8221;.vc_custom_1570210590907{padding-right: 50px !important;border-radius: 2px !important;}&#8221;][\/vc_column_inner][vc_column_inner width=&#8221;1\/3&#8243;][\/vc_column_inner][\/vc_row_inner][\/vc_column][\/vc_row][vc_row bg_type=&#8221;bg_color&#8221; bg_override=&#8221;full&#8221; bg_color_value=&#8221;#ededed&#8221;][vc_column][vc_row_inner][vc_column_inner width=&#8221;1\/2&#8243;][vc_single_image image=&#8221;1044&#8243; img_size=&#8221;600&#215;600&#8243; alignment=&#8221;center&#8221; style=&#8221;vc_box_shadow_border&#8221; css_animation=&#8221;bounceInDown&#8221;][\/vc_column_inner][vc_column_inner width=&#8221;1\/2&#8243;][vc_gutenberg css_animation=&#8221;fadeInDown&#8221; css=&#8221;.vc_custom_1572910965861{margin-top: 30px !important;}&#8221;] Las \u00e1reas est\u00e1n dise\u00f1adas para llevar tu experiencia muy alto. [\/vc_gutenberg][vc_separator color=&#8221;custom&#8221; accent_color=&#8221;#092940&#8243;][\/vc_column_inner][\/vc_row_inner][\/vc_column][\/vc_row][vc_row bg_type=&#8221;video&#8221; video_url=&#8221;https:\/\/torrelogaro.mx\/wp-content\/uploads\/2019\/10\/departamentos-en-venta-leon-gto-video-3.mp4&#8243; video_opts=&#8221;loop&#8221; video_poster=&#8221;id^1377|url^https:\/\/torrelogaro.mx\/wp-content\/uploads\/2019\/10\/departamentos-en-venta-leon-gto-video-8.jpg|caption^null|alt^null|title^departamentos-en-venta-leon-gto-video-8|description^null&#8221; viewport_vdo=&#8221;viewport_play&#8221; bg_override=&#8221;browser_size&#8221;][vc_column][vc_row_inner][vc_column_inner][\/vc_column_inner][\/vc_row_inner][\/vc_column][\/vc_row][vc_row content_placement=&#8221;middle&#8221; css=&#8221;.vc_custom_1727978777691{margin-top: 0px !important;margin-bottom:&hellip;<\/p>\n","protected":false},"author":1,"featured_media":0,"parent":0,"menu_order":0,"comment_status":"closed","ping_status":"closed","template":"","meta":{"footnotes":""},"yoast_head":"<!-- This site is optimized with the Yoast SEO plugin v23.4 - https:\/\/yoast.com\/wordpress\/plugins\/seo\/ -->\n<title>Torre Logaro, los mejores departamentos en venta Le\u00f3n Gto.<\/title>\n<meta name=\"description\" content=\"Vive a lo grande con departamentos en venta leon gto, experimenta el lujo y el dise\u00f1o al alcance de tu hogar, para llevar tu experiencia muy alto.\" \/>\n<meta name=\"robots\" content=\"index, follow, max-snippet:-1, max-image-preview:large, max-video-preview:-1\" \/>\n<link rel=\"canonical\" href=\"https:\/\/torrelogaro.mx\/\" \/>\n<meta property=\"og:locale\" content=\"en_US\" \/>\n<meta property=\"og:type\" content=\"article\" \/>\n<meta property=\"og:title\" content=\"Torre Logaro, los mejores departamentos en venta Le\u00f3n Gto.\" \/>\n<meta property=\"og:description\" content=\"Vive a lo grande con departamentos en venta leon gto, experimenta el lujo y el dise\u00f1o al alcance de tu hogar, para llevar tu experiencia muy alto.\" \/>\n<meta property=\"og:url\" content=\"https:\/\/torrelogaro.mx\/\" \/>\n<meta property=\"og:site_name\" content=\"Torre Logaro\" \/>\n<meta property=\"article:modified_time\" content=\"2024-10-03T18:07:18+00:00\" \/>\n<meta name=\"twitter:card\" content=\"summary_large_image\" \/>\n<meta name=\"twitter:label1\" content=\"Est. reading time\" \/>\n\t<meta name=\"twitter:data1\" content=\"3 minutes\" \/>\n<script type=\"application\/ld+json\" class=\"yoast-schema-graph\">{\"@context\":\"https:\/\/schema.org\",\"@graph\":[{\"@type\":\"WebPage\",\"@id\":\"https:\/\/torrelogaro.mx\/\",\"url\":\"https:\/\/torrelogaro.mx\/\",\"name\":\"Torre Logaro, los mejores departamentos en venta Le\u00f3n Gto.\",\"isPartOf\":{\"@id\":\"https:\/\/torrelogaro.mx\/#website\"},\"datePublished\":\"2016-07-21T14:27:03+00:00\",\"dateModified\":\"2024-10-03T18:07:18+00:00\",\"description\":\"Vive a lo grande con departamentos en venta leon gto, experimenta el lujo y el dise\u00f1o al alcance de tu hogar, para llevar tu experiencia muy alto.\",\"breadcrumb\":{\"@id\":\"https:\/\/torrelogaro.mx\/#breadcrumb\"},\"inLanguage\":\"en-US\",\"potentialAction\":[{\"@type\":\"ReadAction\",\"target\":[\"https:\/\/torrelogaro.mx\/\"]}]},{\"@type\":\"BreadcrumbList\",\"@id\":\"https:\/\/torrelogaro.mx\/#breadcrumb\",\"itemListElement\":[{\"@type\":\"ListItem\",\"position\":1,\"name\":\"Home\",\"item\":\"https:\/\/torrelogaro.mx\/\"},{\"@type\":\"ListItem\",\"position\":2,\"name\":\"Inicio\"}]},{\"@type\":\"WebSite\",\"@id\":\"https:\/\/torrelogaro.mx\/#website\",\"url\":\"https:\/\/torrelogaro.mx\/\",\"name\":\"Torre Logaro\",\"description\":\"Vive a lo grande\",\"potentialAction\":[{\"@type\":\"SearchAction\",\"target\":{\"@type\":\"EntryPoint\",\"urlTemplate\":\"https:\/\/torrelogaro.mx\/?s={search_term_string}\"},\"query-input\":{\"@type\":\"PropertyValueSpecification\",\"valueRequired\":true,\"valueName\":\"search_term_string\"}}],\"inLanguage\":\"en-US\"}]}<\/script>\n<!-- \/ Yoast SEO plugin. -->","yoast_head_json":{"title":"Torre Logaro, los mejores departamentos en venta Le\u00f3n Gto.","description":"Vive a lo grande con departamentos en venta leon gto, experimenta el lujo y el dise\u00f1o al alcance de tu hogar, para llevar tu experiencia muy alto.","robots":{"index":"index","follow":"follow","max-snippet":"max-snippet:-1","max-image-preview":"max-image-preview:large","max-video-preview":"max-video-preview:-1"},"canonical":"https:\/\/torrelogaro.mx\/","og_locale":"en_US","og_type":"article","og_title":"Torre Logaro, los mejores departamentos en venta Le\u00f3n Gto.","og_description":"Vive a lo grande con departamentos en venta leon gto, experimenta el lujo y el dise\u00f1o al alcance de tu hogar, para llevar tu experiencia muy alto.","og_url":"https:\/\/torrelogaro.mx\/","og_site_name":"Torre Logaro","article_modified_time":"2024-10-03T18:07:18+00:00","twitter_card":"summary_large_image","twitter_misc":{"Est. reading time":"3 minutes"},"schema":{"@context":"https:\/\/schema.org","@graph":[{"@type":"WebPage","@id":"https:\/\/torrelogaro.mx\/","url":"https:\/\/torrelogaro.mx\/","name":"Torre Logaro, los mejores departamentos en venta Le\u00f3n Gto.","isPartOf":{"@id":"https:\/\/torrelogaro.mx\/#website"},"datePublished":"2016-07-21T14:27:03+00:00","dateModified":"2024-10-03T18:07:18+00:00","description":"Vive a lo grande con departamentos en venta leon gto, experimenta el lujo y el dise\u00f1o al alcance de tu hogar, para llevar tu experiencia muy alto.","breadcrumb":{"@id":"https:\/\/torrelogaro.mx\/#breadcrumb"},"inLanguage":"en-US","potentialAction":[{"@type":"ReadAction","target":["https:\/\/torrelogaro.mx\/"]}]},{"@type":"BreadcrumbList","@id":"https:\/\/torrelogaro.mx\/#breadcrumb","itemListElement":[{"@type":"ListItem","position":1,"name":"Home","item":"https:\/\/torrelogaro.mx\/"},{"@type":"ListItem","position":2,"name":"Inicio"}]},{"@type":"WebSite","@id":"https:\/\/torrelogaro.mx\/#website","url":"https:\/\/torrelogaro.mx\/","name":"Torre Logaro","description":"Vive a lo grande","potentialAction":[{"@type":"SearchAction","target":{"@type":"EntryPoint","urlTemplate":"https:\/\/torrelogaro.mx\/?s={search_term_string}"},"query-input":{"@type":"PropertyValueSpecification","valueRequired":true,"valueName":"search_term_string"}}],"inLanguage":"en-US"}]}},"_links":{"self":[{"href":"https:\/\/torrelogaro.mx\/index.php\/wp-json\/wp\/v2\/pages\/857"}],"collection":[{"href":"https:\/\/torrelogaro.mx\/index.php\/wp-json\/wp\/v2\/pages"}],"about":[{"href":"https:\/\/torrelogaro.mx\/index.php\/wp-json\/wp\/v2\/types\/page"}],"author":[{"embeddable":true,"href":"https:\/\/torrelogaro.mx\/index.php\/wp-json\/wp\/v2\/users\/1"}],"replies":[{"embeddable":true,"href":"https:\/\/torrelogaro.mx\/index.php\/wp-json\/wp\/v2\/comments?post=857"}],"version-history":[{"count":111,"href":"https:\/\/torrelogaro.mx\/index.php\/wp-json\/wp\/v2\/pages\/857\/revisions"}],"predecessor-version":[{"id":1836,"href":"https:\/\/torrelogaro.mx\/index.php\/wp-json\/wp\/v2\/pages\/857\/revisions\/1836"}],"wp:attachment":[{"href":"https:\/\/torrelogaro.mx\/index.php\/wp-json\/wp\/v2\/media?parent=857"}],"curies":[{"name":"wp","href":"https:\/\/api.w.org\/{rel}","templated":true}]}}